{"id":122,"date":"2011-07-28T11:58:11","date_gmt":"2011-07-28T10:58:11","guid":{"rendered":"http:\/\/www.anwaelte-im-atrium.de\/wordpress\/?page_id=122"},"modified":"2025-02-01T12:54:46","modified_gmt":"2025-02-01T11:54:46","slug":"anfahrt","status":"publish","type":"page","link":"https:\/\/www.anwaelte-im-atrium.de\/?page_id=122","title":{"rendered":"Anfahrt"},"content":{"rendered":"\n<p>Sie finden uns im ATRIUM, dem markanten, runden Geb\u00e4ude mit Glaskuppel mitten in Freiburgs Fu\u00dfg\u00e4ngerzone, am beliebten Augustinerplatz.<\/p>\n\n\n\n<p>Die n\u00e4chstgelegenen Parkm\u00f6glichkeiten sind die Schwabentorgarage am Schlo\u00dfbergring und die Universit\u00e4tsgarage in der Rempartstra\u00dfe, beide nur wenige Gehminuten entfernt.<\/p>\n\n\n\n<p>\u00a0<small><a style=\"color: #0000ff; text-align: left;\" href=\"http:\/\/maps.google.com\/maps?f=q&amp;source=embed&amp;hl=de&amp;geocode=&amp;q=Augustinerplatz+2++79098+Freiburg&amp;aq=&amp;sll=37.0625,-95.677068&amp;sspn=48.688845,81.474609&amp;vpsrc=0&amp;ie=UTF8&amp;hq=&amp;hnear=Augustinerplatz+2,+Freiburg+79098+Freiburg+im+Breisgau,+Baden-W%C3%BCrttemberg,+Deutschland&amp;t=m&amp;ll=47.993713,7.852221&amp;spn=0.020104,0.036478&amp;z=14&amp;iwloc=A\">Anfahrt Google Maps<\/a><\/small><\/p>\n\n\n","protected":false},"excerpt":{"rendered":"<p>Sie finden uns im ATRIUM, dem markanten, runden Geb\u00e4ude mit Glaskuppel mitten in Freiburgs Fu\u00dfg\u00e4ngerzone, am beliebten Augustinerplatz. Die n\u00e4chstgelegenen Parkm\u00f6glichkeiten sind die Schwabentorgarage am Schlo\u00dfbergring und die Universit\u00e4tsgarage in der Rempartstra\u00dfe, beide nur wenige Gehminuten entfernt. \u00a0Anfahrt Google Maps<\/p>\n","protected":false},"author":1,"featured_media":0,"parent":0,"menu_order":0,"comment_status":"open","ping_status":"open","template":"","meta":{"footnotes":""},"class_list":["post-122","page","type-page","status-publish","hentry"],"_links":{"self":[{"href":"https:\/\/www.anwaelte-im-atrium.de\/index.php?rest_route=\/wp\/v2\/pages\/122","targetHints":{"allow":["GET"]}}],"collection":[{"href":"https:\/\/www.anwaelte-im-atrium.de\/index.php?rest_route=\/wp\/v2\/pages"}],"about":[{"href":"https:\/\/www.anwaelte-im-atrium.de\/index.php?rest_route=\/wp\/v2\/types\/page"}],"author":[{"embeddable":true,"href":"https:\/\/www.anwaelte-im-atrium.de\/index.php?rest_route=\/wp\/v2\/users\/1"}],"replies":[{"embeddable":true,"href":"https:\/\/www.anwaelte-im-atrium.de\/index.php?rest_route=%2Fwp%2Fv2%2Fcomments&post=122"}],"version-history":[{"count":14,"href":"https:\/\/www.anwaelte-im-atrium.de\/index.php?rest_route=\/wp\/v2\/pages\/122\/revisions"}],"predecessor-version":[{"id":384,"href":"https:\/\/www.anwaelte-im-atrium.de\/index.php?rest_route=\/wp\/v2\/pages\/122\/revisions\/384"}],"wp:attachment":[{"href":"https:\/\/www.anwaelte-im-atrium.de\/index.php?rest_route=%2Fwp%2Fv2%2Fmedia&parent=122"}],"curies":[{"name":"wp","href":"https:\/\/api.w.org\/{rel}","templated":true}]}}