{"id":160,"date":"2011-09-07T13:44:51","date_gmt":"2011-09-07T12:44:51","guid":{"rendered":"http:\/\/www.anwaelte-im-atrium.de\/wordpress\/?page_id=160"},"modified":"2011-09-07T13:55:41","modified_gmt":"2011-09-07T12:55:41","slug":"miet-und-pachtrecht","status":"publish","type":"page","link":"https:\/\/www.anwaelte-im-atrium.de\/?page_id=160","title":{"rendered":"Miet- und Pachtrecht"},"content":{"rendered":"<p>Die Beratung des Vermieters ist immer zugleich auch Verm\u00f6gensberatung, w\u00e4hrend der Mietvertrag f\u00fcr den Mieter die Grundlage seines privaten oder beruflichen Lebensmittelpunktes darstellt.\u00a0 Im Bewusstsein dieser schwerwiegenden Bedeutung des Mietverh\u00e4ltnisses beraten wir Vermieter, Hausverwalter und Mieter in allen Belangen der Wohn- und Gewerberaummiete.<\/p>\n<p>&nbsp;<\/p>\n<p>Wir bieten unter anderem an:<\/p>\n<ul>\n<li>Gestaltung von Mietvertr\u00e4gen f\u00fcr Wohn- und Gewerber\u00e4ume<\/li>\n<li>Beratung und Vertretung zu Mieterh\u00f6hungen<\/li>\n<li>\u00dcberpr\u00fcfung von Nebenkostenabrechnungen<\/li>\n<li>Beratung zur K\u00fcndigung des Mietverh\u00e4ltnisses<\/li>\n<li>Vertretung\u00a0 in R\u00e4umungs- oder K\u00fcndigungsschutzklagen<\/li>\n<li>Beratung zur Erhaltung der Mietsache wie Modernisierung und Sch\u00f6nheitsreparaturen<\/li>\n<li>Geltendmachung ausstehender Mieten und Kautionen<\/li>\n<li>Beratung bei Insolvenz des Mieters oder Vermieters<\/li>\n<\/ul>\n<p>&nbsp;<\/p>\n","protected":false},"excerpt":{"rendered":"<p>Die Beratung des Vermieters ist immer zugleich auch Verm\u00f6gensberatung, w\u00e4hrend der Mietvertrag f\u00fcr den Mieter die Grundlage seines privaten oder beruflichen Lebensmittelpunktes darstellt.\u00a0 Im Bewusstsein dieser schwerwiegenden Bedeutung des Mietverh\u00e4ltnisses beraten wir Vermieter, Hausverwalter und Mieter in allen Belangen der Wohn- und Gewerberaummiete. &nbsp; Wir bieten unter anderem an: Gestaltung von Mietvertr\u00e4gen f\u00fcr Wohn- und [&hellip;]<\/p>\n","protected":false},"author":1,"featured_media":0,"parent":8,"menu_order":150,"comment_status":"open","ping_status":"open","template":"","meta":{"footnotes":""},"class_list":["post-160","page","type-page","status-publish","hentry"],"_links":{"self":[{"href":"https:\/\/www.anwaelte-im-atrium.de\/index.php?rest_route=\/wp\/v2\/pages\/160","targetHints":{"allow":["GET"]}}],"collection":[{"href":"https:\/\/www.anwaelte-im-atrium.de\/index.php?rest_route=\/wp\/v2\/pages"}],"about":[{"href":"https:\/\/www.anwaelte-im-atrium.de\/index.php?rest_route=\/wp\/v2\/types\/page"}],"author":[{"embeddable":true,"href":"https:\/\/www.anwaelte-im-atrium.de\/index.php?rest_route=\/wp\/v2\/users\/1"}],"replies":[{"embeddable":true,"href":"https:\/\/www.anwaelte-im-atrium.de\/index.php?rest_route=%2Fwp%2Fv2%2Fcomments&post=160"}],"version-history":[{"count":2,"href":"https:\/\/www.anwaelte-im-atrium.de\/index.php?rest_route=\/wp\/v2\/pages\/160\/revisions"}],"predecessor-version":[{"id":192,"href":"https:\/\/www.anwaelte-im-atrium.de\/index.php?rest_route=\/wp\/v2\/pages\/160\/revisions\/192"}],"up":[{"embeddable":true,"href":"https:\/\/www.anwaelte-im-atrium.de\/index.php?rest_route=\/wp\/v2\/pages\/8"}],"wp:attachment":[{"href":"https:\/\/www.anwaelte-im-atrium.de\/index.php?rest_route=%2Fwp%2Fv2%2Fmedia&parent=160"}],"curies":[{"name":"wp","href":"https:\/\/api.w.org\/{rel}","templated":true}]}}