{"id":335,"date":"2018-05-24T16:06:13","date_gmt":"2018-05-24T15:06:13","guid":{"rendered":"http:\/\/www.anwaelte-im-atrium.de\/?page_id=335"},"modified":"2025-02-01T12:55:43","modified_gmt":"2025-02-01T11:55:43","slug":"datenschutzerklarung","status":"publish","type":"page","link":"https:\/\/www.anwaelte-im-atrium.de\/?page_id=335","title":{"rendered":"Datenschutzerkl\u00e4rung"},"content":{"rendered":"<p><span style=\"font-size: 24pt;\"><strong>Datenschutzerkl\u00e4rung<\/strong><\/span><\/p>\n<p>Sehr geehrter Besucher,<\/p>\n<p>aufgrund der Datenschutzgrundverordnung (EU-DSGVO) und dem Bundesdatenschutzgesetz (BDSG) besteht f\u00fcr die Kanzlei eine gesetzliche Pflicht zur Aufkl\u00e4rung \u00fcber die Erhebung und Speicherung von pers\u00f6nlichen Daten.<\/p>\n<p><strong>1. Name und Kontaktdaten des f\u00fcr die Datenverarbeitung Verantwortlichen<\/strong><\/p>\n<p>Diese Datenschutz-Information gilt f\u00fcr die Datenverarbeitung durch:<\/p>\n<p><strong>ANW\u00c4LTE IM ATRIUM<\/strong><\/p>\n<p>Klaus Zimmer Rechtsanwalt<br \/>\nAugustinerplatz 2<br \/>\n79098 Freiburg<\/p>\n<p>Telefon: 0761 \/ 234 55<br \/>\nFax: 0761 \/ 348 32<br \/>\nEmail: info@anwaelte-im-atrium.de<\/p>\n<p><strong>2. Erhebung und Speicherung personenbezogener Daten sowie Art und Zweck von deren Verwendung<\/strong><\/p>\n<p>a) Beim Besuch der Website<br \/>\nBeim Aufrufen der Kanzlei-Website www.anwalte-im-atrium.de werden durch den auf Ihrem Endger\u00e4t zum Einsatz kommenden Browser automatisch Informationen an den Server unserer Website gesendet. Diese Informationen werden tempor\u00e4r in einem sog. Logfile gespeichert. Folgende Informationen werden dabei ohne Ihr Zutun erfasst und bis zur automatisierten L\u00f6schung gespeichert:<br \/>\n&#8211; IP-Adresse des anfragenden Rechners,<br \/>\n&#8211; Datum und Uhrzeit des Zugriffs,<br \/>\n&#8211; Name und URL der abgerufenen Datei,<br \/>\n&#8211; Website, von der aus der Zugriff erfolgt (Referrer-URL),<br \/>\n&#8211; verwendeter Browser und ggf. das Betriebssystem Ihres Rechners sowie der Name Ihres Access-Providers.<\/p>\n<p>Die genannten Daten werden zu folgenden Zwecken verarbeitet:<br \/>\n&#8211; Gew\u00e4hrleistung eines reibungslosen Verbindungsaufbaus der Website,<br \/>\n&#8211; Gew\u00e4hrleistung einer komfortablen Nutzung unserer Website,<br \/>\n&#8211; Auswertung der Systemsicherheit und -stabilit\u00e4t<br \/>\n&#8211; zu weiteren administrativen Zwecken.<\/p>\n<p>Die Rechtsgrundlage f\u00fcr die Datenverarbeitung ist Art. 6 Abs. 1 S. 1 lit. f DSGVO. Das berechtigte Interesse der Kanzlei folgt aus oben aufgelisteten Zwecken zur Datenerhebung. In keinem Fall werden die erhobenen Daten zu dem Zweck verwendet R\u00fcckschl\u00fcsse auf Ihre Person zu ziehen.<\/p>\n<p>Dar\u00fcber hinaus werden beim Besuch der Kanzlei-Website Cookies sowie Analysedienste eingesetzt. N\u00e4here Erl\u00e4uterungen dazu erhalten Sie unter den Ziff. 4 und 5 dieser Datenschutzerkl\u00e4rung.<\/p>\n<p>b) Nutzung des Kontaktformulars auf der Website<br \/>\nBei Fragen jeglicher Art haben Sie die M\u00f6glichkeit mit uns \u00fcber ein auf der Website bereitgestelltes Formular Kontakt aufzunehmen. Dabei ist die Angabe einer g\u00fcltigen E-Mail-Adresse erforderlich, damit, die Kanzlei-Mitarbeiter wissen, von wem die Anfrage stammt und um diese beantworten zu k\u00f6nnen. Weitere Angaben k\u00f6nnen freiwillig get\u00e4tigt werden.<br \/>\nDie Datenverarbeitung zum Zwecke der Kontaktaufnahme mit uns erfolgt nach Art. 6 Abs. 1 S. 1 lit. a DSGVO auf<br \/>\nGrundlage Ihrer freiwillig erteilten Einwilligung.<\/p>\n<p><strong>3. Weitergabe von Daten<\/strong><br \/>\nEine \u00dcbermittlung Ihrer pers\u00f6nlichen Daten an Dritte zu anderen als den im Folgenden aufgef\u00fchrten Zwecken findet nicht statt.<br \/>\nWir geben Ihre pers\u00f6nlichen Daten nur an Dritte weiter, wenn:<br \/>\n&#8211; Sie uns nach Art. 6 Abs. 1 S. 1 lit. a DSGVO ausdr\u00fccklich eine Einwilligung dazu erteilt haben,<br \/>\n&#8211; die Weitergabe nach Art. 6 Abs. 1 S. 1 lit. f DSGVO zur Geltendmachung, Aus\u00fcbung oder Verteidigung von Rechtsanspr\u00fcchen erforderlich ist und kein Grund zur Annahme besteht, dass Sie ein \u00fcberwiegendes schutzw\u00fcrdiges Interesse an der Nichtweitergabe Ihrer Daten haben,<br \/>\n&#8211; f\u00fcr den Fall, dass f\u00fcr die Weitergabe nach Art. 6 Abs. 1 S. 1 lit. c DSGVO eine gesetzliche Verpflichtung besteht,<br \/>\n&#8211; dies gesetzlich zul\u00e4ssig und nach Art. 6 Abs. 1 S. 1 lit. B DSGVO f\u00fcr die Abwicklung von Vertragsverh\u00e4ltnissen mit Ihnen erforderlich ist.<\/p>\n<p><strong>4. Cookies<\/strong><br \/>\nAuf der Kanzlei-Website werden sog. Cookies eingesetzt Hierbei handelt es sich um kleine Dateien, die Ihr Browser automatisch erstellt und die auf Ihrem Endger\u00e4t (Laptop, Tablet, Smartphone o.\u00e4.) gespeichert werden.<\/p>\n<p>Cookies richten auf Ihrem Endger\u00e4t keinen Schaden an, enthalten keine Viren, Trojaner oder sonstige Schadsoftware.In dem Cookie werden Informationen abgelegt, die sich jeweils im Zusammenhang mit dem spezifisch eingesetzten Endger\u00e4t ergeben. Dadurch wird kein unmittelbare Kenntnis von Ihrer Identit\u00e4t erlangt.<\/p>\n<p>Der Einsatz von Cookies dient einerseits dazu, die Nutzung unseres Angebots auf der Website f\u00fcr Sie angenehmer zu gestalten. So werden sog. Session-Cookies eingesetzt, um zu erkennen, dass Sie einzelne Seiten unserer Website bereits besucht haben. Diese werden nach Verlassen der Kanzlei-Website automatisch gel\u00f6scht.<\/p>\n<p>Es werden zur Optimierung der Benutzerfreundlichkeit tempor\u00e4re Cookies eingesetzt, die f\u00fcr einen bestimmten festgelegten Zeitraum auf Ihrem Endger\u00e4t gespeichert werden. Besuchen Sie die Kanzlei-Website erneut, um Dienste in Anspruch zu nehmen, wird automatisch erkannt, dass Sie bereits bei auf der Kanzlei-Website waren und welche Eingaben und Einstellungen sie get\u00e4tigt haben. Diese m\u00fcssen Sie nicht noch einmal eingeben.<\/p>\n<p>Zum anderen werden Cookies eingesetzt, um die Nutzung unserer Website statistisch zu erfassen und zum Zwecke der Optimierung unseres Angebotes f\u00fcr Sie auszuwerten (siehe Ziff. 5). Diese Cookies erm\u00f6glichen es, bei einem erneuten Besuch der Kanzlei-Website automatisch zu erkennen, dass Sie diese bereits besucht haben. Diese Cookies werden nach einer jeweils definierten Zeit automatisch gel\u00f6scht.<\/p>\n<p>Die durch Cookies verarbeiteten Daten sind f\u00fcr die genannten Zwecke zur Wahrung unserer berechtigten Interessen sowie der Dritter nach Art. 6 Abs. 1 S. 1 lit. f DSGVO erforderlich.<\/p>\n<p>Die meisten Browser akzeptieren Cookies automatisch. Sie k\u00f6nnen Ihren Browser jedoch so konfigurieren, dass keine Cookies auf Ihrem Computer gespeichert werden oder stets ein Hinweis erscheint, bevor ein neuer Cookie angelegt wird. Die vollst\u00e4ndige Deaktivierung von Cookies kann jedoch dazu f\u00fchren, dass Sie nicht alle Funktionen unserer Website nutzen k\u00f6nnen.<\/p>\n<p><strong>5. Analyse-Tools<\/strong><br \/>\na) Tracking-Tools<br \/>\nDie im Folgenden aufgef\u00fchrten und von auf der Kanzlei-Website eingesetzten Tracking-Ma\u00dfnahmen werden auf Grundlage des Art. 6 Abs. 1 S. 1 lit. f DSGVO durchgef\u00fchrt. Mit den zum Einsatz kommenden Tracking-Ma\u00dfnahmen soll eine bedarfsgerechte Gestaltung und die fortlaufende Optimierung der Kanzlei-Website sichergestellt werden.<\/p>\n<p>Zum anderen werden die Tracking-Ma\u00dfnahmen ein eingesetzt, um die Nutzung der Kanzlei-Website statistisch zu erfassen und zum Zwecke der Optimierung unseres Angebotes. Diese Interessen sind als berechtigt im Sinne der vorgenannten Vorschrift anzusehen.<\/p>\n<p>Die jeweiligen Datenverarbeitungszwecke und Datenkategorien sind aus den entsprechenden Tracking-Tools zu entnehmen.<\/p>\n<p>i) Google Analytics1<br \/>\nZum Zwecke der bedarfsgerechten Gestaltung und fortlaufenden Optimierung der Kanzlei-Website wird Google Analytics, ein Webanalysedienst der Google Inc. (https:\/\/www.google.de\/intl\/de\/about\/) (1600 Amphitheatre Parkway, Mountain View, CA 94043, USA; im Folgenden \u0084Google\u0093) genutzt. In diesem Zusammenhang werden pseudonymisierte Nutzungsprofile erstellt und Cookies (siehe unter Ziff. 4) verwendet. Die durch den Cookie erzeugten Informationen \u00fcber Ihre Benutzung dieser Website wie<br \/>\n&#8211; Browser-Typ\/-Version,<br \/>\n&#8211; verwendetes Betriebssystem,<br \/>\n&#8211; Referrer-URL (die zuvor besuchte Seite),<br \/>\n&#8211; Hostname des zugreifenden Rechners (IP-Adresse),<br \/>\n&#8211; Uhrzeit der Serveranfrage,<br \/>\nwerden an einen Server von Google in den USA \u00fcbertragen und dort gespeichert. Die Informationen werden verwendet, um die Nutzung der Kanzlei-Website auszuwerten, um Reports \u00fcber die Websiteaktivit\u00e4ten zusammenzustellen und um weitere mit der Website-Nutzung und der Internetnutzung verbundene Dienstleistungen zu Zwecken der Marktforschung und bedarfsgerechten Gestaltung dieser Internetseiten zu erbringen.<\/p>\n<p>Auch werden diese Informationen gegebenenfalls an Dritte \u00fcbertragen, sofern dies gesetzlich vorgeschrieben<br \/>\nist oder soweit Dritte diese Daten im Auftrag verarbeiten. Es wird in keinem Fall Ihre IP-Adresse mit anderen Daten von Google zusammengef\u00fchrt. Die IP-Adressen werden anonymisiert, so dass eine Zuordnung nicht m\u00f6glich ist (IP-Masking).<\/p>\n<p>Sie k\u00f6nnen die Installation der Cookies durch eine entsprechende Einstellung der Browser-Software verhindern;<br \/>\nes wird jedoch darauf hingewiesen, dass in diesem Fall gegebenenfalls nicht s\u00e4mtliche Funktionen der Kanzlei-Website vollumf\u00e4nglich genutzt werden k\u00f6nnen.<\/p>\n<p>Sie k\u00f6nnen dar\u00fcber hinaus die Erfassung der durch das Cookie erzeugten und auf Ihre Nutzung der Website bezogenen Daten (inkl. Ihrer IP-Adresse) sowie die Verarbeitung dieser Daten durch Google verhindern, indem Sie ein Browser-Add-on herunterladen und installieren (https:\/\/tools.google.com\/dlpage\/gaoptout?hl=de).<\/p>\n<p>Alternativ zum Browser-Add-on, insbesondere bei Browsern auf mobilen Endger\u00e4ten, k\u00f6nnen Sie die Erfassung<br \/>\ndurch Google Analytics zudem verhindern, indem Sie auf https:\/\/tools.google.com\/dlpage\/gaoptout klicken. Es wird ein Opt-out-Cookie gesetzt, das die zuk\u00fcnftige Erfassung Ihrer Daten beim Besuch dieser Website verhindert. Der Opt-out-Cookie gilt nur in diesem Browser und nur f\u00fcr Kanzlei-Website und wird auf Ihrem Ger\u00e4t abgelegt. L\u00f6schen Sie die Cookies in diesem Browser, m\u00fcssen Sie das Opt-out-Cookie erneut setzen.<\/p>\n<p>Weitere Informationen zum Datenschutz im Zusammenhang mit Google Analytics finden Sie etwa in der Google<br \/>\nAnalytics-Hilfe (https:\/\/support.google.com\/analytics\/answer\/6004245?hl=de).<\/p>\n<p>ii) Google Adwords Conversion Tracking<br \/>\nUm die Nutzung der Kanzlei-Website statistisch zu erfassen und zum Zwecke der Optimierung der Kanzlei-Website, wirf ferner das Google Conversion Tracking genutzt.Dabei wird von Google Adwords ein Cookie (siehe Ziffer 4) auf Ihrem Rechner gesetzt, sofern Sie \u00fcber eine Google-Anzeige auf die Kanzlei-Website gelangt sind.<br \/>\nDiese Cookies verlieren nach 30 Tagen ihre G\u00fcltigkeit und dienen nicht der pers\u00f6nlichen Identifizierung. Besucht der Nutzer bestimmte Seiten der Webseite des Adwords-Kunden und das Cookie ist noch nicht abgelaufen, k\u00f6nnen Google und der Kunde erkennen, dass der Nutzer auf die Anzeige geklickt hat und zu dieser Seite weitergeleitet wurde.<\/p>\n<p>Jeder Adwords-Kunde erh\u00e4lt ein anderes Cookie. Cookies k\u00f6nnen somit nicht \u00fcber die Webseiten von Adwords-Kunden nachverfolgt werden. Die mithilfe des Conversion-Cookies eingeholten Informationen dienen dazu, Conversion-Statistiken f\u00fcr Adwords-Kunden zu erstellen, die sich f\u00fcr Conversion-Tracking entschieden haben. Die Adwords-Kunden erfahren die Gesamtanzahl der Nutzer, die auf ihre Anzeige geklickt haben und zu einer mit einem Conversion-Tracking-Tag versehenen Seite weitergeleitet wurden. Sie erhalten jedoch keine Informationen, mit denen sich Nutzer pers\u00f6nlich identifizieren lassen.<\/p>\n<p>Wenn Sie nicht an dem Tracking-Verfahren teilnehmen m\u00f6chten, k\u00f6nnen Sie auch das hierf\u00fcr erforderliche Setzen eines Cookies ablehnen \u0096 etwa per Browser-Einstellung, die das automatische Setzen von Cookies generell deaktiviert. Sie k\u00f6nnen Cookies f\u00fcr Conversion-Tracking auch deaktivieren, indem Sie Ihren Browser so einstellen, dass Cookies von der Domain \u0084www.googleadservices.com\u0093 blockiert werden. Googles Datenschutzbelehrung zum Conversion-Tracking finden Sie hier (https:\/\/services.google.com\/sitestats\/de.html).<\/p>\n<p>iii) Matomo<br \/>\nAuf der Kanzlei-Website wird die Open-Source-Software Matomo zur Analyse und statistischen Auswertung der Nutzung der Website verwendet. Hierzu werden Cookies eingesetzt (siehe Ziffer 4). Die durch den Cookie erzeugten Informationen \u00fcber die Website-Nutzung werden an unsere Server \u00fcbertragen und in pseudonymen Nutzungsprofilen zusammengefasst. Die Informationen werden verwendet, um die Nutzung der Website auszuwerten und um eine bedarfsgerechte Gestaltung der Kanzlei-Website zu erm\u00f6glichen. Eine Weitergabe der Informationen an Dritte erfolgt nicht. Es wird in keinem Fall die IP-Adresse mit anderen den Nutzer betreffenden Daten in Verbindung gebracht. Die IPAdressen werden anonymisiert, so dass eine Zuordnung nicht<br \/>\nm\u00f6glich ist (IP-Masking). Ihr Besuch der Kanzlei-Website wird aktuell von der Matomo Webanalyse erfasst. Klicken Sie hier (https:\/\/matamo.org\/docs\/privacy\/), damit Ihr Besuch nicht mehr erfasst wird.<\/p>\n<p><strong>6. Betroffenenrechte<\/strong><br \/>\nSie haben das Recht:<br \/>\n&#8211; gem\u00e4\u00df Art. 15 DSGVO Auskunft \u00fcber die verarbeiteten personenbezogenen Daten zu verlangen. Insbesondere k\u00f6nnen Sie Auskunft \u00fcber die Verarbeitungszwecke, die Kategorie der personenbezogenen Daten, die Kategorien von Empf\u00e4ngern, gegen\u00fcber denen Ihre Daten offengelegt wurden oder werden, die geplante Speicherdauer, das Bestehen eines Rechts auf Berichtigung, L\u00f6schung, Einschr\u00e4nkung der Verarbeitung<br \/>\noder Widerspruch, das Bestehen eines Beschwerderechts, die Herkunft ihrer Daten, sofern diese nicht bei der Kanzlei erhoben wurden, sowie \u00fcber das Bestehen einer automatisierten Entscheidungsfindung einschlie\u00dflich Profiling und ggf. aussagekr\u00e4ftigen Informationen zu deren Einzelheiten verlangen;<\/p>\n<p>&#8211; gem\u00e4\u00df Art. 16 DSGVO unverz\u00fcglich die Berichtigung unrichtiger oder Vervollst\u00e4ndigung der gespeicherten personenbezogenen Daten zu verlangen;<br \/>\n&#8211; gem\u00e4\u00df Art. 17 DSGVO die L\u00f6schung der gespeicherten personenbezogenen Daten zu verlangen, soweit nicht die Verarbeitung zur Aus\u00fcbung des Rechts auf freie Meinungs\u00e4u\u00dferung und Information, zur Erf\u00fcllung einer rechtlichen Verpflichtung, aus Gr\u00fcnden des \u00f6ffentlichen Interesses oder zur Geltendmachung, Aus\u00fcbung oder Verteidigung von Rechtsanspr\u00fcchen erforderlich ist;<br \/>\n&#8211; gem\u00e4\u00df Art. 18 DSGVO die Einschr\u00e4nkung der Verarbeitung Ihrer personenbezogenen Daten zu verlangen, soweit die Richtigkeit der Daten von Ihnen bestritten wird, die Verarbeitung unrechtm\u00e4\u00dfig ist, Sie aber deren L\u00f6schung ablehnen und die Kanzlei die Daten nicht mehr ben\u00f6tigt, Sie jedoch diese zur Geltendmachung, Aus\u00fcbung oder Verteidigung von Rechtsanspr\u00fcchen ben\u00f6tigen oder Sie gem\u00e4\u00df Art. 21 DSGVO Widerspruch gegen die Verarbeitung eingelegt haben;<br \/>\n&#8211; gem\u00e4\u00df Art. 20 DSGVO Ihre personenbezogenen Daten, die Sie bereitgestellt haben, in einem strukturierten, g\u00e4ngigen und maschinenlesebaren Format zu erhalten oder die \u00dcbermittlung an einen anderen Verantwortlichen zu verlangen;<br \/>\n&#8211; gem\u00e4\u00df Art. 7 Abs. 3 DSGVO Ihre einmal erteilte Einwilligung jederzeit zu widerrufen. Dies hat zur Folge, dass die Datenverarbeitung, die auf dieser Einwilligung beruhte, f\u00fcr die Zukunft nicht mehr fortf\u00fchrt werden darf;<br \/>\n&#8211; gem\u00e4\u00df Art. 77 DSGVO sich bei einer Aufsichtsbeh\u00f6rde zu beschweren. In der Regel k\u00f6nnen Sie sich hierf\u00fcr an die Aufsichtsbeh\u00f6rde Ihres \u00fcblichen Aufenthaltsortes oder Arbeitsplatzes oder unseres Kanzleisitzes wenden.<\/p>\n<p><strong>7. Widerspruchsrecht<\/strong><br \/>\nSofern Ihre personenbezogenen Daten auf Grundlage von berechtigten Interessen gem\u00e4\u00df Art. 6 Abs. 1 S. 1 lit. f DSGVO verarbeitet werden, haben Sie das Recht, gem\u00e4\u00df Art. 21 DSGVO Widerspruch gegen die Verarbeitung Ihrer personenbezogenen Daten einzulegen, soweit daf\u00fcr Gr\u00fcnde vorliegen, die sich aus Ihrer besonderen Situation ergeben oder sich der Widerspruch gegen Direktwerbung richtet. Im letzteren Fall haben Sie ein generelles Widerspruchsrecht, das ohne Angabe einer besonderen Situation von uns umgesetzt wird.<\/p>\n<p>M\u00f6chten Sie von Ihrem Widerrufs- oder Widerspruchsrecht Gebrauch machen, gen\u00fcgt eine E-Mail an info@anwaelte-im-atrium.de<\/p>\n<p><strong>8. Datensicherheit<\/strong><br \/>\nF\u00fcr den Website-Besuch wird das verbreitete SSL-Verfahren (Secure Socket Layer) in Verbindung mit der jeweils h\u00f6chsten Verschl\u00fcsselungsstufe, die von Ihrem Browser unterst\u00fctzt wird, verwendet. In der Regel handelt es sich dabei um eine 256 Bit Verschl\u00fcsselung. Falls Ihr Browser keine 256-Bit Verschl\u00fcsselung unterst\u00fctzt, wird stattdessen auf die 128-Bit v3 Technologie zur\u00fcckgegriffen. Ob eine einzelne Seite des<br \/>\nInternetauftrittes verschl\u00fcsselt \u00fcbertragen wird, erkennen Sie an der geschlossenen Darstellung des Sch\u00fcssel- beziehungsweise Schloss-Symbols in der unteren Statusleiste Ihres Browsers.<\/p>\n<p>Im \u00dcbrigen werden geeignete technische und organisatorische Sicherheitsma\u00dfnahmen ergriffen, um Ihre Daten gegen zuf\u00e4llige oder vors\u00e4tzliche Manipulationen, teilweisen oder vollst\u00e4ndigen Verlust, Zerst\u00f6rung oder gegen den unbefugten Zugriff Dritter zu sch\u00fctzen. Unsere Sicherheitsma\u00dfnahmen werden entsprechend der technologischen Entwicklung fortlaufend verbessert.<\/p>\n<p><strong>9. Aktualit\u00e4t und \u00c4nderung dieser Datenschutzerkl\u00e4rung<\/strong><br \/>\nDiese Datenschutzerkl\u00e4rung ist aktuell g\u00fcltig und hat den Stand Mai 2018. Durch die Weiterentwicklung der Kanzlei-Website und Angebote dar\u00fcber oder aufgrund ge\u00e4nderter gesetzlicher beziehungsweise beh\u00f6rdlicher Vorgaben kann es notwendig werden, diese Datenschutzerkl\u00e4rung zu \u00e4ndern. Die jeweils aktuelle Datenschutzerkl\u00e4rung kann jederzeit auf der Website unter https:\/\/www.anwaelte-im-atrium.de\/datenschutz von Ihnen abgerufen und ausgedruckt werden.<\/p>\n","protected":false},"excerpt":{"rendered":"<p>Datenschutzerkl\u00e4rung Sehr geehrter Besucher, aufgrund der Datenschutzgrundverordnung (EU-DSGVO) und dem Bundesdatenschutzgesetz (BDSG) besteht f\u00fcr die Kanzlei eine gesetzliche Pflicht zur Aufkl\u00e4rung \u00fcber die Erhebung und Speicherung von pers\u00f6nlichen Daten. 1. Name und Kontaktdaten des f\u00fcr die Datenverarbeitung Verantwortlichen Diese Datenschutz-Information gilt f\u00fcr die Datenverarbeitung durch: ANW\u00c4LTE IM ATRIUM Klaus Zimmer Rechtsanwalt Augustinerplatz 2 79098 Freiburg [&hellip;]<\/p>\n","protected":false},"author":1,"featured_media":0,"parent":0,"menu_order":0,"comment_status":"closed","ping_status":"closed","template":"","meta":{"footnotes":""},"class_list":["post-335","page","type-page","status-publish","hentry"],"_links":{"self":[{"href":"https:\/\/www.anwaelte-im-atrium.de\/index.php?rest_route=\/wp\/v2\/pages\/335","targetHints":{"allow":["GET"]}}],"collection":[{"href":"https:\/\/www.anwaelte-im-atrium.de\/index.php?rest_route=\/wp\/v2\/pages"}],"about":[{"href":"https:\/\/www.anwaelte-im-atrium.de\/index.php?rest_route=\/wp\/v2\/types\/page"}],"author":[{"embeddable":true,"href":"https:\/\/www.anwaelte-im-atrium.de\/index.php?rest_route=\/wp\/v2\/users\/1"}],"replies":[{"embeddable":true,"href":"https:\/\/www.anwaelte-im-atrium.de\/index.php?rest_route=%2Fwp%2Fv2%2Fcomments&post=335"}],"version-history":[{"count":5,"href":"https:\/\/www.anwaelte-im-atrium.de\/index.php?rest_route=\/wp\/v2\/pages\/335\/revisions"}],"predecessor-version":[{"id":385,"href":"https:\/\/www.anwaelte-im-atrium.de\/index.php?rest_route=\/wp\/v2\/pages\/335\/revisions\/385"}],"wp:attachment":[{"href":"https:\/\/www.anwaelte-im-atrium.de\/index.php?rest_route=%2Fwp%2Fv2%2Fmedia&parent=335"}],"curies":[{"name":"wp","href":"https:\/\/api.w.org\/{rel}","templated":true}]}}