{"id":65,"date":"2011-03-28T14:57:54","date_gmt":"2011-03-28T13:57:54","guid":{"rendered":"http:\/\/www.anwaelte-im-atrium.de\/wordpress\/?page_id=65"},"modified":"2025-02-01T13:00:29","modified_gmt":"2025-02-01T12:00:29","slug":"impressum","status":"publish","type":"page","link":"https:\/\/www.anwaelte-im-atrium.de\/?page_id=65","title":{"rendered":"Impressum"},"content":{"rendered":"\n<p>Angaben gem\u00e4\u00df \u00a7 5 TMG :<\/p>\n\n\n\n<p>Diese Webseite wird angeboten von:<\/p>\n\n\n\n<p>ANW\u00c4LTE IM ATRIUM<\/p>\n\n\n\n<p>Augustinerplatz 2<\/p>\n\n\n\n<p>79098 Freiburg<\/p>\n\n\n\n<p>Telefon: 0761 23455<\/p>\n\n\n\n<p>Telefax: 0761 34832<\/p>\n\n\n\n<p>E-Mail: <a href=\"mailto:info@anwaelte-im-atrium.de\">info@anwaelte-im-atrium.de<\/a><\/p>\n\n\n\n<p>www.anwaelte-im-atrium.de<\/p>\n\n\n\n<p>Stock und Zimmer<\/p>\n\n\n\n<p>Rechtsanw\u00e4lte Partnerschaft<\/p>\n\n\n\n<p>Partner:<\/p>\n\n\n\n<p>Rechtsanwalt Werner Stock<\/p>\n\n\n\n<p>Rechtsanwalt Klaus Zimmer<\/p>\n\n\n\n<p>Amtsgericht Freiburg PR 11<\/p>\n\n\n\n<p>USt-IdNr. DE 142094935<\/p>\n\n\n\n<p>Verantwortliche i.S.d. \u00a7 55 Abs. 2 RStV sind Werner Stock und Klaus Zimmer, Augustinerplatz 2, 79098 Freiburg.<\/p>\n\n\n\n<p>Die Berufsbezeichnung Rechtsanwalt wurde aufgrund der Gesetze der Bundesrepublik Deutschland erworben.<\/p>\n\n\n\n<p>Zust\u00e4ndig f\u00fcr Zulassung und &nbsp;Berufsaufsicht ist die Rechtsanwaltskammer Freiburg, Bertoldstra\u00dfe 44, 79098 Freiburg, Tel: 0761-32563,<br><a href=\"http:\/\/www.rak-freiburg.de\">http:\/\/www.rak-freiburg.de<\/a><\/p>\n\n\n\n<p>Ma\u00dfgebliche berufsrechtliche Vorschriften f\u00fcr Rechtsanw\u00e4lte:<\/p>\n\n\n\n<ul class=\"wp-block-list\">\n<li>Bundesrechtsanwaltsordnung (BRAO)<\/li>\n\n\n\n<li>Berufsordnung f\u00fcr Rechtsanw\u00e4lte (BORA)<\/li>\n\n\n\n<li>Fachanwaltsordnung (FAO)<\/li>\n\n\n\n<li>Rechtsanwaltsverg\u00fctungsgesetz (RVG)<\/li>\n<\/ul>\n\n\n\n<p>Die Gesetztestexte sind auf der Homepage der Bundesrechtsanwaltskammer unter <a href=\"http:\/\/www.brak.de\">http:\/\/www.brak.de<\/a> abrufbar.<\/p>\n\n\n\n<p>Die Berufsbezeichnung Steuerberater wurde aufgrund der Gesetze der&nbsp; Bundesrepublik Deutschland erworben.<\/p>\n\n\n\n<p>Zust\u00e4ndig f\u00fcr Register und Berufsaufsicht ist die Steuerberaterkammer S\u00fcdbaden, Wentzingerstra\u00dfe 17-19, 79106 Freiburg, Tel: 0761-705260,<\/p>\n\n\n\n<p><a href=\"http:\/\/www.stbk-suedbaden.de\">http:\/\/www.stbk-suedbaden.de<\/a><\/p>\n\n\n\n<p>Ma\u00dfgebliche berufsrechtliche Vorschriften f\u00fcr Steuerberater:<\/p>\n\n\n\n<ul class=\"wp-block-list\">\n<li>Steuerberatungsgesetz (StBerG)<\/li>\n\n\n\n<li>Durchf\u00fchrungsverordnung zum Steuerberatungsgesetz (DVStB)<\/li>\n\n\n\n<li>Berufsordnung f\u00fcr Steuerberater (BOStB)<\/li>\n\n\n\n<li>Steuerberatergeb\u00fchrenverordnung (StBGebV)<\/li>\n<\/ul>\n\n\n\n<p>Die Gesetztestexte sind auf der Homepage der Bundessteuerberaterkammer unter <a href=\"http:\/\/bstbk.de\">http:\/\/bstbk.de<\/a> abrufbar.<\/p>\n\n\n\n<p>Unsere Internetpr\u00e4senz enth\u00e4lt Links zu externen Webseiten Dritter, auf deren Inhalte wir keinen Einfluss haben. Deshalb k\u00f6nnen wir f\u00fcr diese fremden Inhalte auch keine Gew\u00e4hr \u00fcbernehmen. F\u00fcr die Inhalte der verlinkten Seiten ist stets der jeweilige Anbieter oder Betreiber der Seiten verantwortlich.<\/p>\n\n\n\n<p>Wir weisen darauf hin, dass die Daten\u00fcbertragung im Internet (z.B. bei der Kommunikation per E-Mail) Sicherheitsl\u00fccken aufweisen kann. Ein l\u00fcckenloser Schutz der Daten vor dem Zugriff durch Dritte ist nicht m\u00f6glich. Wir lehnen die Haftung f\u00fcr die Verletzung der Vertraulichkeit und des Anwaltsgeheimnisses ab, soweit diese auf die Kommunikation \u00fcber E-Mail zur\u00fcckzuf\u00fchren ist.<\/p>\n\n\n\n<p>Der kommerziellen Nutzung von im Rahmen der Impressumspflicht ver\u00f6ffentlichten Kontaktdaten durch Dritte, insbesondere zur \u00dcbersendung von nicht ausdr\u00fccklich angeforderter Werbung und Informationsmaterialien wird hiermit ausdr\u00fccklich widersprochen.<\/p><p><\/p>\n","protected":false},"excerpt":{"rendered":"<p>Angaben gem\u00e4\u00df \u00a7 5 TMG : Diese Webseite wird angeboten von: ANW\u00c4LTE IM ATRIUM Augustinerplatz 2 79098 Freiburg Telefon: 0761 23455 Telefax: 0761 34832 E-Mail: info@anwaelte-im-atrium.de www.anwaelte-im-atrium.de Stock und Zimmer Rechtsanw\u00e4lte Partnerschaft Partner: Rechtsanwalt Werner Stock Rechtsanwalt Klaus Zimmer Amtsgericht Freiburg PR 11 USt-IdNr. DE 142094935 Verantwortliche i.S.d. \u00a7 55 Abs. 2 RStV sind Werner [&hellip;]<\/p>\n","protected":false},"author":1,"featured_media":85,"parent":0,"menu_order":0,"comment_status":"open","ping_status":"open","template":"","meta":{"footnotes":""},"class_list":["post-65","page","type-page","status-publish","has-post-thumbnail","hentry"],"_links":{"self":[{"href":"https:\/\/www.anwaelte-im-atrium.de\/index.php?rest_route=\/wp\/v2\/pages\/65","targetHints":{"allow":["GET"]}}],"collection":[{"href":"https:\/\/www.anwaelte-im-atrium.de\/index.php?rest_route=\/wp\/v2\/pages"}],"about":[{"href":"https:\/\/www.anwaelte-im-atrium.de\/index.php?rest_route=\/wp\/v2\/types\/page"}],"author":[{"embeddable":true,"href":"https:\/\/www.anwaelte-im-atrium.de\/index.php?rest_route=\/wp\/v2\/users\/1"}],"replies":[{"embeddable":true,"href":"https:\/\/www.anwaelte-im-atrium.de\/index.php?rest_route=%2Fwp%2Fv2%2Fcomments&post=65"}],"version-history":[{"count":22,"href":"https:\/\/www.anwaelte-im-atrium.de\/index.php?rest_route=\/wp\/v2\/pages\/65\/revisions"}],"predecessor-version":[{"id":389,"href":"https:\/\/www.anwaelte-im-atrium.de\/index.php?rest_route=\/wp\/v2\/pages\/65\/revisions\/389"}],"wp:featuredmedia":[{"embeddable":true,"href":"https:\/\/www.anwaelte-im-atrium.de\/index.php?rest_route=\/wp\/v2\/media\/85"}],"wp:attachment":[{"href":"https:\/\/www.anwaelte-im-atrium.de\/index.php?rest_route=%2Fwp%2Fv2%2Fmedia&parent=65"}],"curies":[{"name":"wp","href":"https:\/\/api.w.org\/{rel}","templated":true}]}}